{"id":1153,"date":"2021-12-15T12:15:34","date_gmt":"2021-12-15T12:15:34","guid":{"rendered":"https:\/\/www.proaqua.at\/?page_id=1153"},"modified":"2024-09-09T10:46:07","modified_gmt":"2024-09-09T10:46:07","slug":"rain-fresher","status":"publish","type":"page","link":"https:\/\/www.proaqua.at\/en\/rain-fresher\/","title":{"rendered":"Rain-Fresher"},"content":{"rendered":"<div data-elementor-type=\"wp-page\" data-elementor-id=\"1153\" class=\"elementor elementor-1153\" data-elementor-post-type=\"page\">\n\t\t\t\t\t\t<section class=\"elementor-section elementor-top-section elementor-element elementor-element-683c73c elementor-section-boxed elementor-section-height-default elementor-section-height-default\" data-id=\"683c73c\" data-element_type=\"section\" data-e-type=\"section\">\n\t\t\t\t\t\t<div class=\"elementor-container elementor-column-gap-default\">\n\t\t\t\t\t<div class=\"elementor-column elementor-col-66 elementor-top-column elementor-element elementor-element-c88bdb2\" data-id=\"c88bdb2\" data-element_type=\"column\" data-e-type=\"column\">\n\t\t\t<div class=\"elementor-widget-wrap elementor-element-populated\">\n\t\t\t\t\t\t<div class=\"elementor-element elementor-element-b96c187 elementor-widget elementor-widget-heading\" data-id=\"b96c187\" data-element_type=\"widget\" data-e-type=\"widget\" data-widget_type=\"heading.default\">\n\t\t\t\t<div class=\"elementor-widget-container\">\n\t\t\t\t\t<h2 class=\"elementor-heading-title elementor-size-default\">Diamond-clear<br>rainwater for your home<\/h2>\t\t\t\t<\/div>\n\t\t\t\t<\/div>\n\t\t\t\t<div class=\"elementor-element elementor-element-a926223 elementor-widget elementor-widget-text-editor\" data-id=\"a926223\" data-element_type=\"widget\" data-e-type=\"widget\" data-widget_type=\"text-editor.default\">\n\t\t\t\t<div class=\"elementor-widget-container\">\n\t\t\t\t\t\t\t\t\t<p>The boron-doped diamond electrode from pro aqua is also used in rainwater treatment: <strong>The Rain-Fresher with built-in diamond electrode is used in rain barrels and cisterns and ensures that the collected water remains clean and no unpleasant smells are produced.<\/strong><\/p><p>The use of rainwater in the garden and the house for e.g. washing machines and toilet facilities but also the collection of rainwater in regions where water is scarce is of great importance.<\/p><p>For more information visit the website: <a href=\"https:\/\/www.rainfresher.at\/english\/\" target=\"_blank\" rel=\"noopener\">www.rainfresher.at<\/a><\/p>\t\t\t\t\t\t\t\t<\/div>\n\t\t\t\t<\/div>\n\t\t\t\t\t<\/div>\n\t\t<\/div>\n\t\t\t\t<div class=\"elementor-column elementor-col-33 elementor-top-column elementor-element elementor-element-3121962\" data-id=\"3121962\" data-element_type=\"column\" data-e-type=\"column\">\n\t\t\t<div class=\"elementor-widget-wrap elementor-element-populated\">\n\t\t\t\t\t\t<div class=\"elementor-element elementor-element-dd3ee32 elementor-widget elementor-widget-image\" data-id=\"dd3ee32\" data-element_type=\"widget\" data-e-type=\"widget\" data-widget_type=\"image.default\">\n\t\t\t\t<div class=\"elementor-widget-container\">\n\t\t\t\t\t\t\t\t\t\t\t\t\t\t\t<img fetchpriority=\"high\" decoding=\"async\" width=\"800\" height=\"833\" src=\"https:\/\/www.proaqua.at\/wp-content\/uploads\/rain-fresher-proaqua.png\" class=\"elementor-animation-grow attachment-large size-large wp-image-1200\" alt=\"Rain-Fresher von pro aqua mit Solarzelle in der Produktverpackung\" srcset=\"https:\/\/www.proaqua.at\/wp-content\/uploads\/rain-fresher-proaqua.png 800w, https:\/\/www.proaqua.at\/wp-content\/uploads\/rain-fresher-proaqua-288x300.png 288w, https:\/\/www.proaqua.at\/wp-content\/uploads\/rain-fresher-proaqua-768x800.png 768w, https:\/\/www.proaqua.at\/wp-content\/uploads\/rain-fresher-proaqua-12x12.png 12w, https:\/\/www.proaqua.at\/wp-content\/uploads\/rain-fresher-proaqua-600x625.png 600w\" sizes=\"(max-width: 800px) 100vw, 800px\" \/>\t\t\t\t\t\t\t\t\t\t\t\t\t\t\t<\/div>\n\t\t\t\t<\/div>\n\t\t\t\t\t<\/div>\n\t\t<\/div>\n\t\t\t\t\t<\/div>\n\t\t<\/section>\n\t\t\t\t<section class=\"elementor-section elementor-top-section elementor-element elementor-element-ffc4525 elementor-section-boxed elementor-section-height-default elementor-section-height-default\" data-id=\"ffc4525\" data-element_type=\"section\" data-e-type=\"section\">\n\t\t\t\t\t\t<div class=\"elementor-container elementor-column-gap-default\">\n\t\t\t\t\t<div class=\"elementor-column elementor-col-100 elementor-top-column elementor-element elementor-element-ce194c5\" data-id=\"ce194c5\" data-element_type=\"column\" data-e-type=\"column\">\n\t\t\t<div class=\"elementor-widget-wrap elementor-element-populated\">\n\t\t\t\t\t\t<div class=\"elementor-element elementor-element-d4c93d6 elementor-cta--skin-classic elementor-animated-content elementor-bg-transform elementor-bg-transform-zoom-in elementor-widget elementor-widget-call-to-action\" data-id=\"d4c93d6\" data-element_type=\"widget\" data-e-type=\"widget\" data-widget_type=\"call-to-action.default\">\n\t\t\t\t<div class=\"elementor-widget-container\">\n\t\t\t\t\t\t\t<a class=\"elementor-cta\" href=\"https:\/\/www.rainfresher.at\/english\/\" target=\"_blank\" rel=\"noopener\">\n\t\t\t\t\t<div class=\"elementor-cta__bg-wrapper\">\n\t\t\t\t<div class=\"elementor-cta__bg elementor-bg\" style=\"background-image: url(https:\/\/www.proaqua.at\/wp-content\/uploads\/water-surface-bubbles-1-1024x485.png);\" role=\"img\" aria-label=\"water-surface-bubbles\"><\/div>\n\t\t\t\t<div class=\"elementor-cta__bg-overlay\"><\/div>\n\t\t\t<\/div>\n\t\t\t\t\t\t\t<div class=\"elementor-cta__content\">\n\t\t\t\t\n\t\t\t\t\t\t\t\t\t<h2 class=\"elementor-cta__title elementor-cta__content-item elementor-content-item\">\n\t\t\t\t\t\tInterested in the product? <br> Visit rainfresher.at\t\t\t\t\t<\/h2>\n\t\t\t\t\n\t\t\t\t\n\t\t\t\t\t\t\t\t\t<div class=\"elementor-cta__button-wrapper elementor-cta__content-item elementor-content-item\">\n\t\t\t\t\t<span class=\"elementor-cta__button elementor-button elementor-size-\">\n\t\t\t\t\t\tMore details <br> rainfresher.at\t\t\t\t\t<\/span>\n\t\t\t\t\t<\/div>\n\t\t\t\t\t\t\t<\/div>\n\t\t\t\t\t\t<\/a>\n\t\t\t\t\t\t<\/div>\n\t\t\t\t<\/div>\n\t\t\t\t\t<\/div>\n\t\t<\/div>\n\t\t\t\t\t<\/div>\n\t\t<\/section>\n\t\t\t\t<\/div>","protected":false},"excerpt":{"rendered":"<p>DiamantklaresRegenwasser f\u00fcr zuhause Die Bor-dotierte Diamantelektrode der pro aqua findet ihre Verwendung auch in der Regenwasseraufbereitung: Der Rain-Fresher mit eingebauter Diamantelektrode kommt in Regentonnen und Zisternen zum Einsatz und sorgt daf\u00fcr, dass das gesammelte Wasser sauber bleibt und keine \u00fcblen Ger\u00fcche entstehen. Der Einsatz von Regenwasser im Gartenbereich, die Nutzung von Regenwasser im Haus f\u00fcr [&hellip;]<\/p>\n","protected":false},"author":1,"featured_media":1200,"parent":0,"menu_order":0,"comment_status":"closed","ping_status":"closed","template":"","meta":{"footnotes":""},"class_list":["post-1153","page","type-page","status-publish","has-post-thumbnail","hentry"],"_links":{"self":[{"href":"https:\/\/www.proaqua.at\/en\/wp-json\/wp\/v2\/pages\/1153","targetHints":{"allow":["GET"]}}],"collection":[{"href":"https:\/\/www.proaqua.at\/en\/wp-json\/wp\/v2\/pages"}],"about":[{"href":"https:\/\/www.proaqua.at\/en\/wp-json\/wp\/v2\/types\/page"}],"author":[{"embeddable":true,"href":"https:\/\/www.proaqua.at\/en\/wp-json\/wp\/v2\/users\/1"}],"replies":[{"embeddable":true,"href":"https:\/\/www.proaqua.at\/en\/wp-json\/wp\/v2\/comments?post=1153"}],"version-history":[{"count":128,"href":"https:\/\/www.proaqua.at\/en\/wp-json\/wp\/v2\/pages\/1153\/revisions"}],"predecessor-version":[{"id":6998,"href":"https:\/\/www.proaqua.at\/en\/wp-json\/wp\/v2\/pages\/1153\/revisions\/6998"}],"wp:featuredmedia":[{"embeddable":true,"href":"https:\/\/www.proaqua.at\/en\/wp-json\/wp\/v2\/media\/1200"}],"wp:attachment":[{"href":"https:\/\/www.proaqua.at\/en\/wp-json\/wp\/v2\/media?parent=1153"}],"curies":[{"name":"wp","href":"https:\/\/api.w.org\/{rel}","templated":true}]}}