{"id":1209,"date":"2021-12-15T17:10:12","date_gmt":"2021-12-15T17:10:12","guid":{"rendered":"https:\/\/www.proaqua.at\/?page_id=1209"},"modified":"2025-06-20T07:09:34","modified_gmt":"2025-06-20T07:09:34","slug":"aquarium-fresher","status":"publish","type":"page","link":"https:\/\/www.proaqua.at\/en\/aquarium-fresher\/","title":{"rendered":"Aquarium-Fresher"},"content":{"rendered":"<div data-elementor-type=\"wp-page\" data-elementor-id=\"1209\" class=\"elementor elementor-1209\" data-elementor-post-type=\"page\">\n\t\t\t\t\t\t<section class=\"elementor-section elementor-top-section elementor-element elementor-element-b1c58d8 elementor-section-boxed elementor-section-height-default elementor-section-height-default\" data-id=\"b1c58d8\" data-element_type=\"section\" data-e-type=\"section\">\n\t\t\t\t\t\t<div class=\"elementor-container elementor-column-gap-default\">\n\t\t\t\t\t<div class=\"elementor-column elementor-col-100 elementor-top-column elementor-element elementor-element-0ee1271\" data-id=\"0ee1271\" data-element_type=\"column\" data-e-type=\"column\">\n\t\t\t<div class=\"elementor-widget-wrap elementor-element-populated\">\n\t\t\t\t\t\t<div class=\"elementor-element elementor-element-f5f45a8 elementor-widget elementor-widget-spacer\" data-id=\"f5f45a8\" data-element_type=\"widget\" data-e-type=\"widget\" data-widget_type=\"spacer.default\">\n\t\t\t\t<div class=\"elementor-widget-container\">\n\t\t\t\t\t\t\t<div class=\"elementor-spacer\">\n\t\t\t<div class=\"elementor-spacer-inner\"><\/div>\n\t\t<\/div>\n\t\t\t\t\t\t<\/div>\n\t\t\t\t<\/div>\n\t\t\t\t\t<\/div>\n\t\t<\/div>\n\t\t\t\t\t<\/div>\n\t\t<\/section>\n\t\t\t\t<section class=\"elementor-section elementor-top-section elementor-element elementor-element-08de6d4 elementor-section-boxed elementor-section-height-default elementor-section-height-default\" data-id=\"08de6d4\" data-element_type=\"section\" data-e-type=\"section\">\n\t\t\t\t\t\t<div class=\"elementor-container elementor-column-gap-default\">\n\t\t\t\t\t<div class=\"elementor-column elementor-col-66 elementor-top-column elementor-element elementor-element-fe5d6dd\" data-id=\"fe5d6dd\" data-element_type=\"column\" data-e-type=\"column\">\n\t\t\t<div class=\"elementor-widget-wrap elementor-element-populated\">\n\t\t\t\t\t\t<div class=\"elementor-element elementor-element-dbf336f elementor-widget elementor-widget-heading\" data-id=\"dbf336f\" data-element_type=\"widget\" data-e-type=\"widget\" data-widget_type=\"heading.default\">\n\t\t\t\t<div class=\"elementor-widget-container\">\n\t\t\t\t\t<h2 class=\"elementor-heading-title elementor-size-default\">The algae blocker for freshwater aquariums<\/h2>\t\t\t\t<\/div>\n\t\t\t\t<\/div>\n\t\t\t\t<div class=\"elementor-element elementor-element-43c0aca elementor-widget elementor-widget-text-editor\" data-id=\"43c0aca\" data-element_type=\"widget\" data-e-type=\"widget\" data-widget_type=\"text-editor.default\">\n\t\t\t\t<div class=\"elementor-widget-container\">\n\t\t\t\t\t\t\t\t\t<p>The smallest cell of the pro aqua technology is used in the field of freshwater aquariums. The Aquarium-Fresher is the best remedy against algae in the aquarium if you want <strong>a sustainable, long-lasting and chemical-free<\/strong> alternative.<\/p><p>The Aquarium-Fresher removes the nutrient base from the algae, inhibits growth sustainably and breaks down pollution. <strong>A gentle and long-lasting alternative to chemical additives and various cleaning devices.<\/strong> A must-have for every freshwater aquarium! <br \/>For more information visit the website: <a href=\"http:\/\/www.aquariumfresher.com\" target=\"_blank\" rel=\"noopener\">www.aquariumfresher.com<\/a><\/p>\t\t\t\t\t\t\t\t<\/div>\n\t\t\t\t<\/div>\n\t\t\t\t\t<\/div>\n\t\t<\/div>\n\t\t\t\t<div class=\"elementor-column elementor-col-33 elementor-top-column elementor-element elementor-element-43621c6\" data-id=\"43621c6\" data-element_type=\"column\" data-e-type=\"column\">\n\t\t\t<div class=\"elementor-widget-wrap elementor-element-populated\">\n\t\t\t\t\t\t<div class=\"elementor-element elementor-element-c4bcb26 elementor-widget elementor-widget-image\" data-id=\"c4bcb26\" data-element_type=\"widget\" data-e-type=\"widget\" data-widget_type=\"image.default\">\n\t\t\t\t<div class=\"elementor-widget-container\">\n\t\t\t\t\t\t\t\t\t\t\t\t\t\t\t<img fetchpriority=\"high\" decoding=\"async\" width=\"768\" height=\"657\" src=\"https:\/\/www.proaqua.at\/wp-content\/uploads\/aquarium-fresher-proaqua-768x657.png\" class=\"elementor-animation-grow attachment-medium_large size-medium_large wp-image-1190\" alt=\"Verpackung des Aquarium-Freshers von pro aqua\" srcset=\"https:\/\/www.proaqua.at\/wp-content\/uploads\/aquarium-fresher-proaqua-768x657.png 768w, https:\/\/www.proaqua.at\/wp-content\/uploads\/aquarium-fresher-proaqua-300x257.png 300w, https:\/\/www.proaqua.at\/wp-content\/uploads\/aquarium-fresher-proaqua-14x12.png 14w, https:\/\/www.proaqua.at\/wp-content\/uploads\/aquarium-fresher-proaqua-600x513.png 600w, https:\/\/www.proaqua.at\/wp-content\/uploads\/aquarium-fresher-proaqua.png 900w\" sizes=\"(max-width: 768px) 100vw, 768px\" \/>\t\t\t\t\t\t\t\t\t\t\t\t\t\t\t<\/div>\n\t\t\t\t<\/div>\n\t\t\t\t\t<\/div>\n\t\t<\/div>\n\t\t\t\t\t<\/div>\n\t\t<\/section>\n\t\t\t\t<section class=\"elementor-section elementor-top-section elementor-element elementor-element-c1a4318 elementor-section-boxed elementor-section-height-default elementor-section-height-default\" data-id=\"c1a4318\" data-element_type=\"section\" data-e-type=\"section\">\n\t\t\t\t\t\t<div class=\"elementor-container elementor-column-gap-default\">\n\t\t\t\t\t<div class=\"elementor-column elementor-col-100 elementor-top-column elementor-element elementor-element-6c49dfb\" data-id=\"6c49dfb\" data-element_type=\"column\" data-e-type=\"column\">\n\t\t\t<div class=\"elementor-widget-wrap elementor-element-populated\">\n\t\t\t\t\t\t<div class=\"elementor-element elementor-element-8d5bc58 elementor-cta--skin-classic elementor-animated-content elementor-bg-transform elementor-bg-transform-zoom-in elementor-widget elementor-widget-call-to-action\" data-id=\"8d5bc58\" data-element_type=\"widget\" data-e-type=\"widget\" data-widget_type=\"call-to-action.default\">\n\t\t\t\t<div class=\"elementor-widget-container\">\n\t\t\t\t\t\t\t<a class=\"elementor-cta\" href=\"\/en\/Visit aquariumfresher.com\/en\/\" target=\"_blank\" rel=\"noopener\">\n\t\t\t\t\t<div class=\"elementor-cta__bg-wrapper\">\n\t\t\t\t<div class=\"elementor-cta__bg elementor-bg\" style=\"background-image: url(https:\/\/www.proaqua.at\/wp-content\/uploads\/fresh-water-aquarium-1-1024x410.png);\" role=\"img\" aria-label=\"Ein S\u00fc\u00dfwasseraquarium mit vielen Gr\u00fcnpflanzen und hellblauen Fischen mit orangen F\u00e4rbungen\"><\/div>\n\t\t\t\t<div class=\"elementor-cta__bg-overlay\"><\/div>\n\t\t\t<\/div>\n\t\t\t\t\t\t\t<div class=\"elementor-cta__content\">\n\t\t\t\t\n\t\t\t\t\t\t\t\t\t<h2 class=\"elementor-cta__title elementor-cta__content-item elementor-content-item\">\n\t\t\t\t\t\tInterested in the product? <br> Visit aquariumfresher.com\t\t\t\t\t<\/h2>\n\t\t\t\t\n\t\t\t\t\t\t\t\t\t<div class=\"elementor-cta__description elementor-cta__content-item elementor-content-item\">\n\t\t\t\t\t\t\n\t\t\t\t\t<\/div>\n\t\t\t\t\n\t\t\t\t\t\t\t\t\t<div class=\"elementor-cta__button-wrapper elementor-cta__content-item elementor-content-item\">\n\t\t\t\t\t<span class=\"elementor-cta__button elementor-button elementor-size-\">\n\t\t\t\t\t\tMore details <br> aquariumfresher.com\t\t\t\t\t<\/span>\n\t\t\t\t\t<\/div>\n\t\t\t\t\t\t\t<\/div>\n\t\t\t\t\t\t<\/a>\n\t\t\t\t\t\t<\/div>\n\t\t\t\t<\/div>\n\t\t\t\t\t<\/div>\n\t\t<\/div>\n\t\t\t\t\t<\/div>\n\t\t<\/section>\n\t\t\t\t<\/div>","protected":false},"excerpt":{"rendered":"<p>Der Algenblocker f\u00fcr S\u00fc\u00dfwasseraquarien. Die kleinste Zelle der pro aqua Technologie findet ihren Einsatz im Bereich der S\u00fc\u00dfwasser-Aquaristik. Der Aquarium-Fresher ist das beste Mittel gegen Algen im Aquarium, wenn man auf eine nachhaltige, langlebige und chemikalienfreie Alternative setzen m\u00f6chte. Der Aquarium-Fresher entzieht den Algen die N\u00e4hrstoffgrundlage, hemmt das Wachstum nachhaltig und baut Verschmutzungen ab. Eine [&hellip;]<\/p>\n","protected":false},"author":1,"featured_media":1190,"parent":0,"menu_order":0,"comment_status":"closed","ping_status":"closed","template":"","meta":{"footnotes":""},"class_list":["post-1209","page","type-page","status-publish","has-post-thumbnail","hentry"],"_links":{"self":[{"href":"https:\/\/www.proaqua.at\/en\/wp-json\/wp\/v2\/pages\/1209","targetHints":{"allow":["GET"]}}],"collection":[{"href":"https:\/\/www.proaqua.at\/en\/wp-json\/wp\/v2\/pages"}],"about":[{"href":"https:\/\/www.proaqua.at\/en\/wp-json\/wp\/v2\/types\/page"}],"author":[{"embeddable":true,"href":"https:\/\/www.proaqua.at\/en\/wp-json\/wp\/v2\/users\/1"}],"replies":[{"embeddable":true,"href":"https:\/\/www.proaqua.at\/en\/wp-json\/wp\/v2\/comments?post=1209"}],"version-history":[{"count":119,"href":"https:\/\/www.proaqua.at\/en\/wp-json\/wp\/v2\/pages\/1209\/revisions"}],"predecessor-version":[{"id":7948,"href":"https:\/\/www.proaqua.at\/en\/wp-json\/wp\/v2\/pages\/1209\/revisions\/7948"}],"wp:featuredmedia":[{"embeddable":true,"href":"https:\/\/www.proaqua.at\/en\/wp-json\/wp\/v2\/media\/1190"}],"wp:attachment":[{"href":"https:\/\/www.proaqua.at\/en\/wp-json\/wp\/v2\/media?parent=1209"}],"curies":[{"name":"wp","href":"https:\/\/api.w.org\/{rel}","templated":true}]}}