{"id":6840,"date":"2024-08-08T11:45:44","date_gmt":"2024-08-08T11:45:44","guid":{"rendered":"https:\/\/www.proaqua.at\/?page_id=6840"},"modified":"2025-06-20T07:28:47","modified_gmt":"2025-06-20T07:28:47","slug":"zertifikate","status":"publish","type":"page","link":"https:\/\/www.proaqua.at\/en\/zertifikate\/","title":{"rendered":"Certificates"},"content":{"rendered":"<div data-elementor-type=\"wp-page\" data-elementor-id=\"6840\" class=\"elementor elementor-6840\" data-elementor-post-type=\"page\">\n\t\t\t\t\t\t<section class=\"elementor-section elementor-top-section elementor-element elementor-element-7faff9b elementor-section-boxed elementor-section-height-default elementor-section-height-default\" data-id=\"7faff9b\" data-element_type=\"section\" data-e-type=\"section\">\n\t\t\t\t\t\t<div class=\"elementor-container elementor-column-gap-default\">\n\t\t\t\t\t<div class=\"elementor-column elementor-col-100 elementor-top-column elementor-element elementor-element-3b747fd\" data-id=\"3b747fd\" data-element_type=\"column\" data-e-type=\"column\">\n\t\t\t<div class=\"elementor-widget-wrap elementor-element-populated\">\n\t\t\t\t\t\t<div class=\"elementor-element elementor-element-b62a65e elementor-widget elementor-widget-template\" data-id=\"b62a65e\" data-element_type=\"widget\" data-e-type=\"widget\" data-widget_type=\"template.default\">\n\t\t\t\t<div class=\"elementor-widget-container\">\n\t\t\t\t\t\t\t<div class=\"elementor-template\">\n\t\t\t\t\t<div data-elementor-type=\"section\" data-elementor-id=\"6852\" class=\"elementor elementor-6852\" data-elementor-post-type=\"elementor_library\">\n\t\t\t\t\t<section class=\"elementor-section elementor-top-section elementor-element elementor-element-219b3e33 elementor-section-boxed elementor-section-height-default elementor-section-height-default\" data-id=\"219b3e33\" data-element_type=\"section\" data-e-type=\"section\">\n\t\t\t\t\t\t<div class=\"elementor-container elementor-column-gap-default\">\n\t\t\t\t\t<div class=\"elementor-column elementor-col-100 elementor-top-column elementor-element elementor-element-3f363ca9\" data-id=\"3f363ca9\" data-element_type=\"column\" data-e-type=\"column\">\n\t\t\t<div class=\"elementor-widget-wrap elementor-element-populated\">\n\t\t\t\t\t\t<div class=\"elementor-element elementor-element-6b1cdd08 elementor-widget elementor-widget-heading\" data-id=\"6b1cdd08\" data-element_type=\"widget\" data-e-type=\"widget\" id=\"certifications\" data-widget_type=\"heading.default\">\n\t\t\t\t<div class=\"elementor-widget-container\">\n\t\t\t\t\t<h4 class=\"elementor-heading-title elementor-size-xl\">Our certificates<\/h4>\t\t\t\t<\/div>\n\t\t\t\t<\/div>\n\t\t\t\t<section class=\"elementor-section elementor-inner-section elementor-element elementor-element-7f846040 elementor-section-boxed elementor-section-height-default elementor-section-height-default\" data-id=\"7f846040\" data-element_type=\"section\" data-e-type=\"section\">\n\t\t\t\t\t\t<div class=\"elementor-container elementor-column-gap-default\">\n\t\t\t\t\t<div class=\"elementor-column elementor-col-50 elementor-inner-column elementor-element elementor-element-13cd6f6c\" data-id=\"13cd6f6c\" data-element_type=\"column\" data-e-type=\"column\">\n\t\t\t<div class=\"elementor-widget-wrap elementor-element-populated\">\n\t\t\t\t\t\t<div class=\"elementor-element elementor-element-388a02b elementor-widget__width-auto elementor-widget-mobile__width-inherit elementor-widget elementor-widget-image\" data-id=\"388a02b\" data-element_type=\"widget\" data-e-type=\"widget\" data-widget_type=\"image.default\">\n\t\t\t\t<div class=\"elementor-widget-container\">\n\t\t\t\t\t\t\t\t\t\t\t\t\t\t\t<img decoding=\"async\" width=\"153\" height=\"154\" src=\"https:\/\/www.proaqua.at\/wp-content\/uploads\/icon-quality.png\" class=\"attachment-medium_large size-medium_large wp-image-2215\" alt=\"\" srcset=\"https:\/\/www.proaqua.at\/wp-content\/uploads\/icon-quality.png 153w, https:\/\/www.proaqua.at\/wp-content\/uploads\/icon-quality-150x150.png 150w, https:\/\/www.proaqua.at\/wp-content\/uploads\/icon-quality-12x12.png 12w, https:\/\/www.proaqua.at\/wp-content\/uploads\/icon-quality-100x100.png 100w\" sizes=\"(max-width: 153px) 100vw, 153px\" \/>\t\t\t\t\t\t\t\t\t\t\t\t\t\t\t<\/div>\n\t\t\t\t<\/div>\n\t\t\t\t<div class=\"elementor-element elementor-element-3276769c elementor-widget__width-auto elementor-widget elementor-widget-heading\" data-id=\"3276769c\" data-element_type=\"widget\" data-e-type=\"widget\" data-widget_type=\"heading.default\">\n\t\t\t\t<div class=\"elementor-widget-container\">\n\t\t\t\t\t<p class=\"elementor-heading-title elementor-size-default\">Certified according to EN ISO 13485:2016<\/p>\t\t\t\t<\/div>\n\t\t\t\t<\/div>\n\t\t\t\t<div class=\"elementor-element elementor-element-2e226870 elementor-widget__width-auto elementor-widget elementor-widget-text-editor\" data-id=\"2e226870\" data-element_type=\"widget\" data-e-type=\"widget\" data-widget_type=\"text-editor.default\">\n\t\t\t\t<div class=\"elementor-widget-container\">\n\t\t\t\t\t\t\t\t\t<p>ISO 13485 contains detailed requirements for the design, manufacturing and placing on the market of medical devices. Its core requirements are product safety and effectiveness.<\/p>\n<p>Since 2024, <span style=\"font-family: var( --e-global-typography-text-font-family ), Sans-serif; font-weight: var( --e-global-typography-text-font-weight ); font-size: 1rem;\">pro aqua meets the high standards for the production of medical devices and can provide official proof of this.<\/span><\/p>\t\t\t\t\t\t\t\t<\/div>\n\t\t\t\t<\/div>\n\t\t\t\t\t<\/div>\n\t\t<\/div>\n\t\t\t\t<div class=\"elementor-column elementor-col-50 elementor-inner-column elementor-element elementor-element-2affcfa5\" data-id=\"2affcfa5\" data-element_type=\"column\" data-e-type=\"column\">\n\t\t\t<div class=\"elementor-widget-wrap elementor-element-populated\">\n\t\t\t\t\t\t<div class=\"elementor-element elementor-element-2ee66704 elementor-widget__width-auto elementor-widget-mobile__width-inherit elementor-widget elementor-widget-image\" data-id=\"2ee66704\" data-element_type=\"widget\" data-e-type=\"widget\" data-widget_type=\"image.default\">\n\t\t\t\t<div class=\"elementor-widget-container\">\n\t\t\t\t\t\t\t\t\t\t\t\t\t\t\t<img decoding=\"async\" width=\"100\" height=\"100\" src=\"https:\/\/www.proaqua.at\/wp-content\/uploads\/icon-certified.png\" class=\"attachment-large size-large wp-image-1092\" alt=\"\" srcset=\"https:\/\/www.proaqua.at\/wp-content\/uploads\/icon-certified.png 100w, https:\/\/www.proaqua.at\/wp-content\/uploads\/icon-certified-12x12.png 12w\" sizes=\"(max-width: 100px) 100vw, 100px\" \/>\t\t\t\t\t\t\t\t\t\t\t\t\t\t\t<\/div>\n\t\t\t\t<\/div>\n\t\t\t\t<div class=\"elementor-element elementor-element-4c7cd62c elementor-widget__width-auto elementor-widget elementor-widget-heading\" data-id=\"4c7cd62c\" data-element_type=\"widget\" data-e-type=\"widget\" data-widget_type=\"heading.default\">\n\t\t\t\t<div class=\"elementor-widget-container\">\n\t\t\t\t\t<p class=\"elementor-heading-title elementor-size-default\">Certified according to EN ISO 9001:2015<\/p>\t\t\t\t<\/div>\n\t\t\t\t<\/div>\n\t\t\t\t<div class=\"elementor-element elementor-element-8b47183 elementor-widget__width-auto elementor-widget elementor-widget-text-editor\" data-id=\"8b47183\" data-element_type=\"widget\" data-e-type=\"widget\" data-widget_type=\"text-editor.default\">\n\t\t\t\t<div class=\"elementor-widget-container\">\n\t\t\t\t\t\t\t\t\t<p>By fulfilling the requirements of EN ISO 9001, pro aqua demonstrates its highly developed quality management system. Within the company, however, quality is not only fulfilled in the form of requirements, but is actually practiced on a daily basis. \n\nWe are deeply committed to our culture of continuous improvement.<\/p>\t\t\t\t\t\t\t\t<\/div>\n\t\t\t\t<\/div>\n\t\t\t\t\t<\/div>\n\t\t<\/div>\n\t\t\t\t\t<\/div>\n\t\t<\/section>\n\t\t\t\t\t<\/div>\n\t\t<\/div>\n\t\t\t\t\t<\/div>\n\t\t<\/section>\n\t\t\t\t<\/div>\n\t\t\t\t<\/div>\n\t\t\t\t\t\t<\/div>\n\t\t\t\t<\/div>\n\t\t\t\t\t<\/div>\n\t\t<\/div>\n\t\t\t\t\t<\/div>\n\t\t<\/section>\n\t\t\t\t<section class=\"elementor-section elementor-top-section elementor-element elementor-element-224cda7 elementor-section-boxed elementor-section-height-default elementor-section-height-default\" data-id=\"224cda7\" data-element_type=\"section\" data-e-type=\"section\">\n\t\t\t\t\t\t<div class=\"elementor-container elementor-column-gap-default\">\n\t\t\t\t\t<div class=\"elementor-column elementor-col-50 elementor-top-column elementor-element elementor-element-7ab9314\" data-id=\"7ab9314\" data-element_type=\"column\" data-e-type=\"column\">\n\t\t\t<div class=\"elementor-widget-wrap elementor-element-populated\">\n\t\t\t\t\t\t<div class=\"elementor-element elementor-element-c69d689 elementor-widget__width-initial elementor-widget elementor-widget-image\" data-id=\"c69d689\" data-element_type=\"widget\" data-e-type=\"widget\" data-widget_type=\"image.default\">\n\t\t\t\t<div class=\"elementor-widget-container\">\n\t\t\t\t\t\t\t\t\t\t\t\t\t\t\t\t<a href=\"https:\/\/www.proaqua.at\/wp-content\/uploads\/QM-EN-ISO-13485-Zertifikat_2023-12.png\" data-elementor-open-lightbox=\"yes\" data-elementor-lightbox-title=\"QM-EN ISO 13485-Zertifikat_2023-12\" data-e-action-hash=\"#elementor-action%3Aaction%3Dlightbox%26settings%3DeyJpZCI6Njg1NiwidXJsIjoiaHR0cHM6XC9cL3d3dy5wcm9hcXVhLmF0XC93cC1jb250ZW50XC91cGxvYWRzXC9RTS1FTi1JU08tMTM0ODUtWmVydGlmaWthdF8yMDIzLTEyLnBuZyJ9\">\n\t\t\t\t\t\t\t<img fetchpriority=\"high\" decoding=\"async\" width=\"724\" height=\"1024\" src=\"https:\/\/www.proaqua.at\/wp-content\/uploads\/QM-EN-ISO-13485-Zertifikat_2023-12-724x1024.png\" class=\"attachment-large size-large wp-image-6856\" alt=\"\" srcset=\"https:\/\/www.proaqua.at\/wp-content\/uploads\/QM-EN-ISO-13485-Zertifikat_2023-12-724x1024.png 724w, https:\/\/www.proaqua.at\/wp-content\/uploads\/QM-EN-ISO-13485-Zertifikat_2023-12-212x300.png 212w, https:\/\/www.proaqua.at\/wp-content\/uploads\/QM-EN-ISO-13485-Zertifikat_2023-12-768x1086.png 768w, https:\/\/www.proaqua.at\/wp-content\/uploads\/QM-EN-ISO-13485-Zertifikat_2023-12-1086x1536.png 1086w, https:\/\/www.proaqua.at\/wp-content\/uploads\/QM-EN-ISO-13485-Zertifikat_2023-12-1448x2048.png 1448w, https:\/\/www.proaqua.at\/wp-content\/uploads\/QM-EN-ISO-13485-Zertifikat_2023-12-8x12.png 8w\" sizes=\"(max-width: 724px) 100vw, 724px\" \/>\t\t\t\t\t\t\t\t<\/a>\n\t\t\t\t\t\t\t\t\t\t\t\t\t\t\t<\/div>\n\t\t\t\t<\/div>\n\t\t\t\t\t<\/div>\n\t\t<\/div>\n\t\t\t\t<div class=\"elementor-column elementor-col-50 elementor-top-column elementor-element elementor-element-54f96f1\" data-id=\"54f96f1\" data-element_type=\"column\" data-e-type=\"column\">\n\t\t\t<div class=\"elementor-widget-wrap elementor-element-populated\">\n\t\t\t\t\t\t<div class=\"elementor-element elementor-element-f39549e elementor-widget__width-initial elementor-widget elementor-widget-image\" data-id=\"f39549e\" data-element_type=\"widget\" data-e-type=\"widget\" data-widget_type=\"image.default\">\n\t\t\t\t<div class=\"elementor-widget-container\">\n\t\t\t\t\t\t\t\t\t\t\t\t\t\t\t\t<a href=\"https:\/\/www.proaqua.at\/wp-content\/uploads\/QM-EN-ISO-9001-Zertifikat_2024-01.png\" data-elementor-open-lightbox=\"yes\" data-elementor-lightbox-title=\"QM-EN ISO 9001-Zertifikat_2024-01\" data-e-action-hash=\"#elementor-action%3Aaction%3Dlightbox%26settings%3DeyJpZCI6Njg2NSwidXJsIjoiaHR0cHM6XC9cL3d3dy5wcm9hcXVhLmF0XC93cC1jb250ZW50XC91cGxvYWRzXC9RTS1FTi1JU08tOTAwMS1aZXJ0aWZpa2F0XzIwMjQtMDEucG5nIn0%3D\">\n\t\t\t\t\t\t\t<img loading=\"lazy\" decoding=\"async\" width=\"721\" height=\"1024\" src=\"https:\/\/www.proaqua.at\/wp-content\/uploads\/QM-EN-ISO-9001-Zertifikat_2024-01-721x1024.png\" class=\"attachment-large size-large wp-image-6865\" alt=\"\" srcset=\"https:\/\/www.proaqua.at\/wp-content\/uploads\/QM-EN-ISO-9001-Zertifikat_2024-01-721x1024.png 721w, https:\/\/www.proaqua.at\/wp-content\/uploads\/QM-EN-ISO-9001-Zertifikat_2024-01-211x300.png 211w, https:\/\/www.proaqua.at\/wp-content\/uploads\/QM-EN-ISO-9001-Zertifikat_2024-01-768x1091.png 768w, https:\/\/www.proaqua.at\/wp-content\/uploads\/QM-EN-ISO-9001-Zertifikat_2024-01-1082x1536.png 1082w, https:\/\/www.proaqua.at\/wp-content\/uploads\/QM-EN-ISO-9001-Zertifikat_2024-01-1442x2048.png 1442w, https:\/\/www.proaqua.at\/wp-content\/uploads\/QM-EN-ISO-9001-Zertifikat_2024-01-8x12.png 8w, https:\/\/www.proaqua.at\/wp-content\/uploads\/QM-EN-ISO-9001-Zertifikat_2024-01.png 1600w\" sizes=\"(max-width: 721px) 100vw, 721px\" \/>\t\t\t\t\t\t\t\t<\/a>\n\t\t\t\t\t\t\t\t\t\t\t\t\t\t\t<\/div>\n\t\t\t\t<\/div>\n\t\t\t\t<div class=\"elementor-element elementor-element-429c1f2 elementor-widget elementor-widget-spacer\" data-id=\"429c1f2\" data-element_type=\"widget\" data-e-type=\"widget\" data-widget_type=\"spacer.default\">\n\t\t\t\t<div class=\"elementor-widget-container\">\n\t\t\t\t\t\t\t<div class=\"elementor-spacer\">\n\t\t\t<div class=\"elementor-spacer-inner\"><\/div>\n\t\t<\/div>\n\t\t\t\t\t\t<\/div>\n\t\t\t\t<\/div>\n\t\t\t\t\t<\/div>\n\t\t<\/div>\n\t\t\t\t\t<\/div>\n\t\t<\/section>\n\t\t\t\t<section class=\"elementor-section elementor-top-section elementor-element elementor-element-e52f249 elementor-section-boxed elementor-section-height-default elementor-section-height-default\" data-id=\"e52f249\" data-element_type=\"section\" data-e-type=\"section\">\n\t\t\t\t\t\t<div class=\"elementor-container elementor-column-gap-default\">\n\t\t\t\t\t<div class=\"elementor-column elementor-col-50 elementor-top-column elementor-element elementor-element-72db291\" data-id=\"72db291\" data-element_type=\"column\" data-e-type=\"column\">\n\t\t\t<div class=\"elementor-widget-wrap elementor-element-populated\">\n\t\t\t\t\t\t<div class=\"elementor-element elementor-element-b028064 elementor-widget__width-initial elementor-widget elementor-widget-image\" data-id=\"b028064\" data-element_type=\"widget\" data-e-type=\"widget\" data-widget_type=\"image.default\">\n\t\t\t\t<div class=\"elementor-widget-container\">\n\t\t\t\t\t\t\t\t\t\t\t\t<figure class=\"wp-caption\">\n\t\t\t\t\t\t\t\t\t\t\t<a href=\"https:\/\/www.iafcertsearch.org\/certified-entity\/iWkdyzITXIWVs0oZuMqsZXd3\" target=\"_blank\" rel=\"noopener\">\n\t\t\t\t\t\t\t<img loading=\"lazy\" decoding=\"async\" width=\"300\" height=\"211\" src=\"https:\/\/www.proaqua.at\/wp-content\/uploads\/IAF-Logo-300x211.png\" class=\"attachment-medium size-medium wp-image-7316\" alt=\"\" srcset=\"https:\/\/www.proaqua.at\/wp-content\/uploads\/IAF-Logo-300x211.png 300w, https:\/\/www.proaqua.at\/wp-content\/uploads\/IAF-Logo-1024x722.png 1024w, https:\/\/www.proaqua.at\/wp-content\/uploads\/IAF-Logo-768x541.png 768w, https:\/\/www.proaqua.at\/wp-content\/uploads\/IAF-Logo-1536x1082.png 1536w, https:\/\/www.proaqua.at\/wp-content\/uploads\/IAF-Logo-2048x1443.png 2048w, https:\/\/www.proaqua.at\/wp-content\/uploads\/IAF-Logo-18x12.png 18w\" sizes=\"(max-width: 300px) 100vw, 300px\" \/>\t\t\t\t\t\t\t\t<\/a>\n\t\t\t\t\t\t\t\t\t\t\t<figcaption class=\"widget-image-caption wp-caption-text\">View our certifications directly in the IAF CertSearch database<\/figcaption>\n\t\t\t\t\t\t\t\t\t\t<\/figure>\n\t\t\t\t\t\t\t\t\t<\/div>\n\t\t\t\t<\/div>\n\t\t\t\t\t<\/div>\n\t\t<\/div>\n\t\t\t\t<div class=\"elementor-column elementor-col-50 elementor-top-column elementor-element elementor-element-6f4a84e\" data-id=\"6f4a84e\" data-element_type=\"column\" data-e-type=\"column\">\n\t\t\t<div class=\"elementor-widget-wrap elementor-element-populated\">\n\t\t\t\t\t\t<div class=\"elementor-element elementor-element-67d221f elementor-widget elementor-widget-text-editor\" data-id=\"67d221f\" data-element_type=\"widget\" data-e-type=\"widget\" data-widget_type=\"text-editor.default\">\n\t\t\t\t<div class=\"elementor-widget-container\">\n\t\t\t\t\t\t\t\t\t<h3>IAF CertSearch<\/h3>\t\t\t\t\t\t\t\t<\/div>\n\t\t\t\t<\/div>\n\t\t\t\t<div class=\"elementor-element elementor-element-04e54f5 elementor-widget elementor-widget-text-editor\" data-id=\"04e54f5\" data-element_type=\"widget\" data-e-type=\"widget\" data-widget_type=\"text-editor.default\">\n\t\t\t\t<div class=\"elementor-widget-container\">\n\t\t\t\t\t\t\t\t\t<p class=\"MsoNormal\"><strong data-start=\"221\" data-end=\"355\">pro aqua is registered in the IAF CertSearch database \u2013 the global platform for verifying accredited certifications.<\/strong><br data-start=\"355\" data-end=\"358\" \/>This ensures that our international quality and safety certifications can be accessed at any time, providing transparent and reliable proof of compliance for customers, partners, and authorities worldwide. By committing to this level of openness, pro aqua reinforces its dedication to the highest global standards \u2013 making us the trusted choice for projects where certified quality truly matters.<\/p>\t\t\t\t\t\t\t\t<\/div>\n\t\t\t\t<\/div>\n\t\t\t\t\t<\/div>\n\t\t<\/div>\n\t\t\t\t\t<\/div>\n\t\t<\/section>\n\t\t\t\t<\/div>","protected":false},"excerpt":{"rendered":"<p>Zertifizierungen direkt in der IAF CertSearch-Datenbank einsehen IAF CertSearch pro aqua ist in der IAF CertSearch-Datenbank registriert \u2013 der globalen Plattform zur \u00dcberpr\u00fcfung akkreditierter Zertifizierungen.Dadurch k\u00f6nnen unsere internationalen Qualit\u00e4ts- und Sicherheitszertifikate jederzeit transparent und verl\u00e4sslich von Kund:innen, Partner:innen und Beh\u00f6rden eingesehen werden. Dieses Ma\u00df an Offenheit unterstreicht unseren Anspruch, weltweit h\u00f6chste Standards einzuhalten \u2013 und [&hellip;]<\/p>\n","protected":false},"author":1,"featured_media":0,"parent":0,"menu_order":0,"comment_status":"closed","ping_status":"closed","template":"","meta":{"footnotes":""},"class_list":["post-6840","page","type-page","status-publish","hentry"],"_links":{"self":[{"href":"https:\/\/www.proaqua.at\/en\/wp-json\/wp\/v2\/pages\/6840","targetHints":{"allow":["GET"]}}],"collection":[{"href":"https:\/\/www.proaqua.at\/en\/wp-json\/wp\/v2\/pages"}],"about":[{"href":"https:\/\/www.proaqua.at\/en\/wp-json\/wp\/v2\/types\/page"}],"author":[{"embeddable":true,"href":"https:\/\/www.proaqua.at\/en\/wp-json\/wp\/v2\/users\/1"}],"replies":[{"embeddable":true,"href":"https:\/\/www.proaqua.at\/en\/wp-json\/wp\/v2\/comments?post=6840"}],"version-history":[{"count":31,"href":"https:\/\/www.proaqua.at\/en\/wp-json\/wp\/v2\/pages\/6840\/revisions"}],"predecessor-version":[{"id":7991,"href":"https:\/\/www.proaqua.at\/en\/wp-json\/wp\/v2\/pages\/6840\/revisions\/7991"}],"wp:attachment":[{"href":"https:\/\/www.proaqua.at\/en\/wp-json\/wp\/v2\/media?parent=6840"}],"curies":[{"name":"wp","href":"https:\/\/api.w.org\/{rel}","templated":true}]}}